{"id":1398,"date":"2025-11-13T16:41:19","date_gmt":"2025-11-13T16:41:19","guid":{"rendered":"https:\/\/visagreca.com\/ce-b1-cf-81-cf-87-ce-b9-ce-ba-ce-ae-cf-83-ce-b5-ce-bb-ce-af-ce-b4-ce-b1\/"},"modified":"2025-11-27T17:22:43","modified_gmt":"2025-11-27T17:22:43","slug":"golden-visa-2","status":"publish","type":"page","link":"https:\/\/visagreca.com\/tr\/","title":{"rendered":"Ana Sayfa"},"content":{"rendered":"<div class=\"wpb-content-wrapper\"><p>[vc_row row_height_percent=&#8221;0&#8243; override_padding=&#8221;yes&#8221; h_padding=&#8221;2&#8243; top_padding=&#8221;5&#8243; bottom_padding=&#8221;5&#8243; back_color=&#8221;color-xsdn&#8221; overlay_color=&#8221;color-xsdn&#8221; overlay_alpha=&#8221;74&#8243; gutter_size=&#8221;4&#8243; column_width_percent=&#8221;100&#8243; shift_y=&#8221;0&#8243; z_index=&#8221;0&#8243; content_parallax=&#8221;0&#8243; uncode_shortcode_id=&#8221;320287&#8243; back_color_type=&#8221;uncode-palette&#8221; overlay_color_type=&#8221;uncode-palette&#8221;][vc_column column_width_percent=&#8221;100&#8243; gutter_size=&#8221;2&#8243; style=&#8221;dark&#8221; overlay_alpha=&#8221;50&#8243; shift_x=&#8221;0&#8243; shift_y=&#8221;0&#8243; shift_y_down=&#8221;0&#8243; z_index=&#8221;0&#8243; medium_width=&#8221;0&#8243; mobile_width=&#8221;0&#8243; width=&#8221;1\/1&#8243;][vc_row_inner row_inner_height_percent=&#8221;16&#8243; overlay_alpha=&#8221;50&#8243; gutter_size=&#8221;3&#8243; shift_y=&#8221;0&#8243; z_index=&#8221;0&#8243; uncode_shortcode_id=&#8221;136615&#8243;][vc_column_inner column_width_percent=&#8221;100&#8243; gutter_size=&#8221;2&#8243; style=&#8221;dark&#8221; overlay_alpha=&#8221;50&#8243; shift_x=&#8221;0&#8243; shift_y=&#8221;0&#8243; shift_y_down=&#8221;0&#8243; z_index=&#8221;0&#8243; medium_width=&#8221;0&#8243; mobile_width=&#8221;0&#8243; width=&#8221;1\/3&#8243;][vc_custom_heading text_color=&#8221;color-197564&#8243; heading_semantic=&#8221;h1&#8243; text_size=&#8221;h1&#8243; text_weight=&#8221;300&#8243; heading_display=&#8221;inline&#8221; uncode_shortcode_id=&#8221;989568&#8243; text_color_type=&#8221;uncode-palette&#8221;]Yunanistan\u2019da Golden Visa i\u00e7in Premium Gayrimenkuller[\/vc_custom_heading][vc_empty_space empty_h=&#8221;2&#8243; desktop_visibility=&#8221;yes&#8221;][vc_column_text text_lead=&#8221;yes&#8221; text_color=&#8221;color-prif&#8221; uncode_shortcode_id=&#8221;140597&#8243; text_color_type=&#8221;uncode-palette&#8221;]\u00d6zel m\u00fclkler ve uzman hukuk b\u00fcrosu, m\u00fchendislik ofisi ve noterler taraf\u0131ndan tam yasal g\u00fcvence[\/vc_column_text][\/vc_column_inner][vc_column_inner column_width_percent=&#8221;37&#8243; position_vertical=&#8221;middle&#8221; align_horizontal=&#8221;align_center&#8221; gutter_size=&#8221;3&#8243; style=&#8221;dark&#8221; overlay_alpha=&#8221;50&#8243; shift_x=&#8221;0&#8243; shift_y=&#8221;0&#8243; shift_y_down=&#8221;0&#8243; z_index=&#8221;0&#8243; medium_width=&#8221;0&#8243; mobile_width=&#8221;0&#8243; width=&#8221;2\/3&#8243; uncode_shortcode_id=&#8221;289191&#8243;][vc_single_image media=&#8221;642&#8243; media_width_percent=&#8221;100&#8243; uncode_shortcode_id=&#8221;930910&#8243;][\/vc_column_inner][\/vc_row_inner][vc_button button_color=&#8221;color-821079&#8243; border_width=&#8221;0&#8243; uncode_shortcode_id=&#8221;344219&#8243; link=&#8221;url:https%3A%2F%2Fvisagreca.com%2Ftr%2Fgayrimenkuller%2F|target:_blank&#8221; button_color_type=&#8221;uncode-palette&#8221;]M\u00dcLKLER\u0130 G\u00d6R\u00dcNT\u00dcLE[\/vc_button][\/vc_column][\/vc_row][vc_row unlock_row_content=&#8221;yes&#8221; row_height_percent=&#8221;0&#8243; back_color=&#8221;color-lxmt&#8221; overlay_alpha=&#8221;50&#8243; gutter_size=&#8221;3&#8243; column_width_percent=&#8221;100&#8243; shift_y=&#8221;0&#8243; z_index=&#8221;0&#8243; content_parallax=&#8221;0&#8243; uncode_shortcode_id=&#8221;204980&#8243; back_color_type=&#8221;uncode-palette&#8221;][vc_column column_width_percent=&#8221;71&#8243; gutter_size=&#8221;3&#8243; back_color=&#8221;color-lxmt&#8221; overlay_alpha=&#8221;50&#8243; shift_x=&#8221;0&#8243; shift_y=&#8221;0&#8243; shift_y_down=&#8221;0&#8243; z_index=&#8221;0&#8243; medium_width=&#8221;0&#8243; mobile_width=&#8221;0&#8243; width=&#8221;1\/1&#8243; uncode_shortcode_id=&#8221;192784&#8243; back_color_type=&#8221;uncode-palette&#8221;][vc_custom_heading text_color=&#8221;color-821079&#8243; heading_semantic=&#8221;h1&#8243; text_size=&#8221;bigtext&#8221; text_weight=&#8221;200&#8243; uncode_shortcode_id=&#8221;119620&#8243; text_color_type=&#8221;uncode-palette&#8221;]<\/p>\n<h3 style=\"text-align: center;\">Neler Sunuyoruz<\/h3>\n<p>[\/vc_custom_heading][vc_row_inner row_inner_height_percent=&#8221;0&#8243; back_color=&#8221;color-xsdn&#8221; overlay_alpha=&#8221;100&#8243; gutter_size=&#8221;3&#8243; shift_y=&#8221;0&#8243; z_index=&#8221;0&#8243; uncode_shortcode_id=&#8221;122572&#8243; back_color_type=&#8221;uncode-palette&#8221;][vc_column_inner column_width_percent=&#8221;100&#8243; position_vertical=&#8221;middle&#8221; align_horizontal=&#8221;align_center&#8221; gutter_size=&#8221;2&#8243; override_padding=&#8221;yes&#8221; column_padding=&#8221;2&#8243; overlay_alpha=&#8221;50&#8243; shift_x=&#8221;0&#8243; shift_y=&#8221;0&#8243; shift_y_down=&#8221;0&#8243; z_index=&#8221;0&#8243; medium_width=&#8221;0&#8243; mobile_width=&#8221;0&#8243; width=&#8221;1\/3&#8243; uncode_shortcode_id=&#8221;170760&#8243;][vc_icon icon=&#8221;fa fa-home3&#8243; icon_color=&#8221;color-197564&#8243; size=&#8221;fa-3x&#8221; uncode_shortcode_id=&#8221;180758&#8243; icon_color_type=&#8221;uncode-palette&#8221;][\/vc_icon][vc_custom_heading text_color=&#8221;color-821079&#8243; text_weight=&#8221;100&#8243; uncode_shortcode_id=&#8221;111278&#8243; text_color_type=&#8221;uncode-palette&#8221;]<\/p>\n<h3>Se\u00e7ili Gayrimenkuller<\/h3>\n<p>[\/vc_custom_heading][vc_column_text uncode_shortcode_id=&#8221;312076&#8243;]Sadece Golden Visa ile ilgilenen m\u00fc\u015fterilere hitap ediyoruz ve programa uygun t\u00fcm \u015fartlar\u0131 kar\u015f\u0131layan y\u00fcksek kaliteli se\u00e7ili m\u00fclkelere eri\u015fim sa\u011fl\u0131yoruz.[\/vc_column_text][\/vc_column_inner][vc_column_inner column_width_percent=&#8221;100&#8243; align_horizontal=&#8221;align_center&#8221; gutter_size=&#8221;2&#8243; override_padding=&#8221;yes&#8221; column_padding=&#8221;2&#8243; expand_height=&#8221;yes&#8221; overlay_alpha=&#8221;50&#8243; shift_x=&#8221;0&#8243; shift_y=&#8221;0&#8243; shift_y_down=&#8221;0&#8243; z_index=&#8221;0&#8243; medium_width=&#8221;0&#8243; mobile_width=&#8221;0&#8243; width=&#8221;1\/3&#8243; uncode_shortcode_id=&#8221;619862&#8243;][vc_icon icon=&#8221;fa fa-balance-scale&#8221; icon_color=&#8221;color-197564&#8243; size=&#8221;fa-3x&#8221; uncode_shortcode_id=&#8221;125491&#8243; icon_color_type=&#8221;uncode-palette&#8221;][\/vc_icon][vc_custom_heading text_color=&#8221;color-821079&#8243; text_weight=&#8221;200&#8243; uncode_shortcode_id=&#8221;177495&#8243; text_color_type=&#8221;uncode-palette&#8221;]<\/p>\n<h3>Hukuki &amp; Teknik Destek<\/h3>\n<p>[\/vc_custom_heading][vc_column_text uncode_shortcode_id=&#8221;160535&#8243;]Yunanistan\u2019da gayrimenkul yat\u0131r\u0131mlar\u0131 i\u00e7in kapsaml\u0131 hukuki ve <a href=\"https:\/\/mtera.gr\/\">teknik destek<\/a> sa\u011fl\u0131yoruz.[\/vc_column_text][\/vc_column_inner][vc_column_inner column_width_percent=&#8221;100&#8243; align_horizontal=&#8221;align_center&#8221; gutter_size=&#8221;2&#8243; override_padding=&#8221;yes&#8221; column_padding=&#8221;2&#8243; expand_height=&#8221;yes&#8221; overlay_alpha=&#8221;50&#8243; shift_x=&#8221;0&#8243; shift_y=&#8221;0&#8243; shift_y_down=&#8221;0&#8243; z_index=&#8221;0&#8243; medium_width=&#8221;0&#8243; mobile_width=&#8221;0&#8243; width=&#8221;1\/3&#8243; uncode_shortcode_id=&#8221;160859&#8243;][vc_icon icon=&#8221;fa fa-documents&#8221; icon_color=&#8221;color-197564&#8243; size=&#8221;fa-3x&#8221; uncode_shortcode_id=&#8221;116260&#8243; icon_color_type=&#8221;uncode-palette&#8221;][\/vc_icon][vc_custom_heading text_color=&#8221;color-821079&#8243; uncode_shortcode_id=&#8221;793269&#8243; text_color_type=&#8221;uncode-palette&#8221;]<\/p>\n<h3 style=\"text-align: center;\"><span class=\"font-555555\">Tam Kapsam<\/span><\/h3>\n<p>[\/vc_custom_heading][vc_column_text uncode_shortcode_id=&#8221;357194&#8243;]<\/p>\n<p style=\"text-align: center;\">T\u00fcm gerekli belgelerin haz\u0131rlanmas\u0131 ve kontrol\u00fc, ba\u015fvurunun yap\u0131lmas\u0131 ve yetkili makamlarla ileti\u015fimin sa\u011flanmas\u0131n\u0131 \u00fcstleniyoruz; s\u00fcrecin g\u00fcvenli, h\u0131zl\u0131 ve \u015feffaf bir \u015fekilde tamamlanmas\u0131n\u0131 garanti ediyoruz.<\/p>\n<p>[\/vc_column_text][\/vc_column_inner][\/vc_row_inner][\/vc_column][\/vc_row][vc_row row_height_percent=&#8221;0&#8243; override_padding=&#8221;yes&#8221; h_padding=&#8221;2&#8243; top_padding=&#8221;5&#8243; bottom_padding=&#8221;5&#8243; overlay_alpha=&#8221;50&#8243; gutter_size=&#8221;4&#8243; column_width_percent=&#8221;100&#8243; shift_y=&#8221;0&#8243; z_index=&#8221;0&#8243; inverted_device_order=&#8221;yes&#8221; content_parallax=&#8221;0&#8243; uncode_shortcode_id=&#8221;402663&#8243;][vc_column column_width_percent=&#8221;100&#8243; position_vertical=&#8221;middle&#8221; gutter_size=&#8221;3&#8243; overlay_alpha=&#8221;50&#8243; shift_x=&#8221;0&#8243; shift_y=&#8221;0&#8243; shift_y_down=&#8221;0&#8243; z_index=&#8221;0&#8243; medium_width=&#8221;0&#8243; mobile_width=&#8221;0&#8243; width=&#8221;1\/2&#8243; uncode_shortcode_id=&#8221;188283&#8243;][vc_custom_heading text_color=&#8221;color-197564&#8243; text_size=&#8221;custom&#8221; uncode_shortcode_id=&#8221;106267&#8243; heading_custom_size=&#8221;clamp(28px,4vw,50px)&#8221; text_color_type=&#8221;uncode-palette&#8221;]<span style=\"color: #113f61;\"><span style=\"color: #cbb26a;\">Golden Visa<\/span> Program\u0131<\/span>[\/vc_custom_heading][vc_custom_heading heading_semantic=&#8221;h3&#8243; text_size=&#8221;h4&#8243; text_weight=&#8221;200&#8243; uncode_shortcode_id=&#8221;130580&#8243;]<span style=\"color: #cbb26a;\">Golden Visa <\/span>a program\u0131 arac\u0131l\u0131\u011f\u0131yla Yunanistan\u2019da oturma izni al\u0131n; gayrimenkul veya di\u011fer uygun yat\u0131r\u0131m se\u00e7eneklerine yat\u0131r\u0131m yaparak.[\/vc_custom_heading][vc_empty_space empty_h=&#8221;1&#8243;][vc_row_inner limit_content=&#8221;&#8221;][vc_column_inner column_width_percent=&#8221;100&#8243; gutter_size=&#8221;3&#8243; overlay_alpha=&#8221;50&#8243; shift_x=&#8221;0&#8243; shift_y=&#8221;0&#8243; shift_y_down=&#8221;0&#8243; z_index=&#8221;0&#8243; medium_width=&#8221;4&#8243; mobile_width=&#8221;0&#8243; width=&#8221;1\/2&#8243;][vc_icon position=&#8221;left&#8221; space_reduced=&#8221;yes&#8221; icon=&#8221;fa fa-minus2&#8243; icon_color=&#8221;color-821079&#8243; heading_semantic=&#8221;h4&#8243; text_size=&#8221;h5&#8243; text_weight=&#8221;200&#8243; uncode_shortcode_id=&#8221;674200&#8243; title=&#8221;Asgari Yat\u0131r\u0131m ve Uygun Kategoriler&#8221; icon_color_type=&#8221;uncode-palette&#8221;][\/vc_icon][vc_icon position=&#8221;left&#8221; space_reduced=&#8221;yes&#8221; icon=&#8221;fa fa-minus2&#8243; icon_color=&#8221;color-821079&#8243; heading_semantic=&#8221;h4&#8243; text_size=&#8221;h5&#8243; text_weight=&#8221;200&#8243; uncode_shortcode_id=&#8221;189841&#8243; title=&#8221;Yat\u0131r\u0131mc\u0131 ve Ailesi i\u00e7in Oturma Haklar\u0131&#8221; icon_color_type=&#8221;uncode-palette&#8221;][\/vc_icon][\/vc_column_inner][vc_column_inner column_width_percent=&#8221;100&#8243; gutter_size=&#8221;3&#8243; overlay_alpha=&#8221;50&#8243; shift_x=&#8221;0&#8243; shift_y=&#8221;0&#8243; shift_y_down=&#8221;0&#8243; z_index=&#8221;0&#8243; medium_width=&#8221;4&#8243; mobile_width=&#8221;0&#8243; width=&#8221;1\/2&#8243;][vc_icon position=&#8221;left&#8221; space_reduced=&#8221;yes&#8221; icon=&#8221;fa fa-minus2&#8243; icon_color=&#8221;color-821079&#8243; heading_semantic=&#8221;h4&#8243; text_size=&#8221;h5&#8243; text_weight=&#8221;200&#8243; uncode_shortcode_id=&#8221;111135&#8243; title=&#8221;\u0130zin S\u00fcresi ve Yenileme S\u00fcreci&#8221; icon_color_type=&#8221;uncode-palette&#8221;][\/vc_icon][vc_icon position=&#8221;left&#8221; space_reduced=&#8221;yes&#8221; icon=&#8221;fa fa-minus2&#8243; icon_color=&#8221;color-821079&#8243; heading_semantic=&#8221;h4&#8243; text_size=&#8221;h5&#8243; text_weight=&#8221;200&#8243; uncode_shortcode_id=&#8221;226777&#8243; title=&#8221;Vergi Avantajlar\u0131 ve Y\u00fck\u00fcml\u00fcl\u00fckler&#8221; icon_color_type=&#8221;uncode-palette&#8221;][\/vc_icon][\/vc_column_inner][\/vc_row_inner][vc_button button_color=&#8221;color-821079&#8243; border_width=&#8221;0&#8243; button_color_type=&#8221;uncode-palette&#8221; uncode_shortcode_id=&#8221;168122&#8243; link=&#8221;url:https%3A%2F%2Fvisagreca.com%2Ftr%2Fgolden-visa%2F|title:Golden%20Visa|target:_blank&#8221;]DAHA FAZLA B\u0130LG\u0130[\/vc_button][\/vc_column][vc_column column_width_percent=&#8221;100&#8243; gutter_size=&#8221;3&#8243; overlay_alpha=&#8221;50&#8243; shift_x=&#8221;0&#8243; shift_y=&#8221;0&#8243; shift_y_down=&#8221;0&#8243; z_index=&#8221;0&#8243; medium_width=&#8221;0&#8243; mobile_width=&#8221;0&#8243; width=&#8221;1\/2&#8243; uncode_shortcode_id=&#8221;531088&#8243; css=&#8221;.vc_custom_1763735887199{padding-bottom: 0px !important;}&#8221; el_class=&#8221;overflow-hidden&#8221;][vc_single_image media=&#8221;942&#8243; media_width_percent=&#8221;100&#8243; media_ratio=&#8221;one-one&#8221; uncode_shortcode_id=&#8221;163086&#8243; el_class=&#8221;unmask-blob-2&#8243;][\/vc_column][\/vc_row][vc_row row_height_percent=&#8221;0&#8243; override_padding=&#8221;yes&#8221; h_padding=&#8221;2&#8243; top_padding=&#8221;5&#8243; bottom_padding=&#8221;3&#8243; back_color=&#8221;color-821079&#8243; overlay_alpha=&#8221;50&#8243; gutter_size=&#8221;3&#8243; column_width_percent=&#8221;100&#8243; shift_y=&#8221;0&#8243; z_index=&#8221;0&#8243; content_parallax=&#8221;0&#8243; uncode_shortcode_id=&#8221;804154&#8243; back_color_type=&#8221;uncode-palette&#8221;][vc_column column_width_use_pixel=&#8221;yes&#8221; align_horizontal=&#8221;align_center&#8221; gutter_size=&#8221;1&#8243; style=&#8221;dark&#8221; overlay_alpha=&#8221;50&#8243; shift_x=&#8221;0&#8243; shift_y=&#8221;0&#8243; shift_y_down=&#8221;0&#8243; z_index=&#8221;0&#8243; medium_width=&#8221;0&#8243; mobile_width=&#8221;0&#8243; width=&#8221;1\/1&#8243; column_width_pixel=&#8221;600&#8243;][vc_custom_heading heading_semantic=&#8221;h3&#8243; uncode_shortcode_id=&#8221;128576&#8243;]Mevcut Gayrimenkuller[\/vc_custom_heading][\/vc_column][\/vc_row][vc_row unlock_row_content=&#8221;yes&#8221; row_height_percent=&#8221;0&#8243; override_padding=&#8221;yes&#8221; h_padding=&#8221;2&#8243; top_padding=&#8221;4&#8243; bottom_padding=&#8221;2&#8243; overlay_alpha=&#8221;90&#8243; gutter_size=&#8221;3&#8243; column_width_percent=&#8221;100&#8243; shift_y=&#8221;0&#8243; z_index=&#8221;2&#8243; content_parallax=&#8221;0&#8243; uncode_shortcode_id=&#8221;628342&#8243;][vc_column column_width_percent=&#8221;69&#8243; align_horizontal=&#8221;align_center&#8221; gutter_size=&#8221;3&#8243; back_color=&#8221;color-xsdn&#8221; overlay_alpha=&#8221;50&#8243; shift_x=&#8221;0&#8243; shift_y=&#8221;-5&#8243; shift_y_fixed=&#8221;yes&#8221; shift_y_down=&#8221;0&#8243; z_index=&#8221;0&#8243; medium_width=&#8221;0&#8243; mobile_width=&#8221;0&#8243; width=&#8221;1\/1&#8243; uncode_shortcode_id=&#8221;180764&#8243; back_color_type=&#8221;uncode-palette&#8221;][vc_row_inner row_inner_height_percent=&#8221;0&#8243; overlay_alpha=&#8221;50&#8243; gutter_size=&#8221;3&#8243; shift_y=&#8221;0&#8243; z_index=&#8221;0&#8243; uncode_shortcode_id=&#8221;120396&#8243;][vc_column_inner column_width_percent=&#8221;100&#8243; position_vertical=&#8221;middle&#8221; align_horizontal=&#8221;align_center&#8221; gutter_size=&#8221;1&#8243; style=&#8221;light&#8221; overlay_alpha=&#8221;50&#8243; shift_x=&#8221;0&#8243; shift_y=&#8221;0&#8243; shift_y_down=&#8221;0&#8243; z_index=&#8221;0&#8243; medium_width=&#8221;4&#8243; mobile_width=&#8221;4&#8243; width=&#8221;1\/3&#8243; uncode_shortcode_id=&#8221;171166&#8243;][vc_single_image media=&#8221;291&#8243; media_width_percent=&#8221;89&#8243; media_ratio=&#8221;four-three&#8221; alignment=&#8221;center&#8221; uncode_shortcode_id=&#8221;553976&#8243; media_link=&#8221;url:https%3A%2F%2Fvisagreca.com%2Ftr%2Fkod-aprt-154%2F|title:kod-154|target:_blank&#8221;][vc_custom_heading heading_semantic=&#8221;h4&#8243; uncode_shortcode_id=&#8221;959369&#8243;]<\/p>\n<h4>Atina Merkezinde Premium Daire<\/h4>\n<p>\u20ac 250.000[\/vc_custom_heading][\/vc_column_inner][vc_column_inner column_width_percent=&#8221;100&#8243; position_vertical=&#8221;middle&#8221; align_horizontal=&#8221;align_center&#8221; gutter_size=&#8221;1&#8243; override_padding=&#8221;yes&#8221; column_padding=&#8221;0&#8243; style=&#8221;light&#8221; overlay_alpha=&#8221;50&#8243; shift_x=&#8221;0&#8243; shift_y=&#8221;0&#8243; shift_y_down=&#8221;0&#8243; z_index=&#8221;0&#8243; medium_width=&#8221;4&#8243; mobile_width=&#8221;4&#8243; width=&#8221;1\/3&#8243; uncode_shortcode_id=&#8221;128659&#8243;][vc_single_image media=&#8221;390&#8243; media_width_percent=&#8221;89&#8243; media_ratio=&#8221;four-three&#8221; alignment=&#8221;center&#8221; uncode_shortcode_id=&#8221;112563&#8243; media_link=&#8221;url:https%3A%2F%2Fvisagreca.com%2Ftr%2Fkod-aprt-155%2F|title:kod-155|target:_blank&#8221;][vc_custom_heading heading_semantic=&#8221;h4&#8243; uncode_shortcode_id=&#8221;152285&#8243;]<\/p>\n<h4>Glyfada\u2019da Modern Daire<\/h4>\n<p>\u20ac 800.000[\/vc_custom_heading][\/vc_column_inner][vc_column_inner column_width_percent=&#8221;100&#8243; align_horizontal=&#8221;align_center&#8221; gutter_size=&#8221;1&#8243; style=&#8221;light&#8221; overlay_alpha=&#8221;50&#8243; shift_x=&#8221;0&#8243; shift_y=&#8221;0&#8243; shift_y_down=&#8221;0&#8243; z_index=&#8221;0&#8243; medium_width=&#8221;4&#8243; mobile_width=&#8221;4&#8243; width=&#8221;1\/3&#8243; uncode_shortcode_id=&#8221;696740&#8243;][vc_single_image media=&#8221;465&#8243; media_width_percent=&#8221;89&#8243; media_ratio=&#8221;four-three&#8221; alignment=&#8221;center&#8221; uncode_shortcode_id=&#8221;315773&#8243; media_link=&#8221;url:https%3A%2F%2Fvisagreca.com%2Ftr%2Fkod-aprt-153%2F|title:kod-153|target:_blank&#8221;][vc_custom_heading heading_semantic=&#8221;h4&#8243; uncode_shortcode_id=&#8221;454509&#8243;]<\/p>\n<h4>Atina\u2019da Premium Zemin Kat Daire<\/h4>\n<p>\u20ac 250.000[\/vc_custom_heading][\/vc_column_inner][\/vc_row_inner][\/vc_column][\/vc_row][vc_row unlock_row=&#8221;&#8221; row_height_percent=&#8221;50&#8243; override_padding=&#8221;yes&#8221; h_padding=&#8221;2&#8243; top_padding=&#8221;3&#8243; bottom_padding=&#8221;3&#8243; overlay_alpha=&#8221;50&#8243; gutter_size=&#8221;3&#8243; column_width_percent=&#8221;100&#8243; shift_y=&#8221;0&#8243; z_index=&#8221;0&#8243; content_parallax=&#8221;0&#8243; uncode_shortcode_id=&#8221;164423&#8243;][vc_column column_width_percent=&#8221;47&#8243; position_horizontal=&#8221;left&#8221; position_vertical=&#8221;middle&#8221; align_horizontal=&#8221;align_center&#8221; gutter_size=&#8221;3&#8243; overlay_alpha=&#8221;66&#8243; shift_x=&#8221;0&#8243; shift_y=&#8221;0&#8243; shift_y_down=&#8221;0&#8243; z_index=&#8221;0&#8243; medium_width=&#8221;0&#8243; mobile_width=&#8221;0&#8243; width=&#8221;1\/1&#8243; uncode_shortcode_id=&#8221;172540&#8243;][vc_custom_heading heading_semantic=&#8221;h3&#8243; text_size=&#8221;h1&#8243; text_weight=&#8221;200&#8243; uncode_shortcode_id=&#8221;167067&#8243;]\u0130deal <strong><span style=\"color: #cbb26a;\">Golden Visa<\/span><\/strong> Gayrimenkul\u00fc i\u00e7in Bizimle \u0130leti\u015fime Ge\u00e7in[\/vc_custom_heading][vc_button button_color=&#8221;color-821079&#8243; border_width=&#8221;0&#8243; link=&#8221;url:https%3A%2F%2Fvisagreca.com%2Ftr%2Filetisim%2F|title:%C4%B0leti%C5%9Fim|target:_blank&#8221; button_color_type=&#8221;uncode-palette&#8221; uncode_shortcode_id=&#8221;176221&#8243;]BURAYA TIKLAYIN[\/vc_button][\/vc_column][\/vc_row]<\/p>\n<\/div>","protected":false},"excerpt":{"rendered":"<p>[vc_row row_height_percent=&#8221;0&#8243; override_padding=&#8221;yes&#8221; h_padding=&#8221;2&#8243; top_padding=&#8221;5&#8243; bottom_padding=&#8221;5&#8243; back_color=&#8221;color-xsdn&#8221; overlay_color=&#8221;color-xsdn&#8221; overlay_alpha=&#8221;74&#8243; gutter_size=&#8221;4&#8243; column_width_percent=&#8221;100&#8243; shift_y=&#8221;0&#8243; z_index=&#8221;0&#8243; content_parallax=&#8221;0&#8243; uncode_shortcode_id=&#8221;320287&#8243; back_color_type=&#8221;uncode-palette&#8221; overlay_color_type=&#8221;uncode-palette&#8221;][vc_column column_width_percent=&#8221;100&#8243; gutter_size=&#8221;2&#8243; style=&#8221;dark&#8221; [&hellip;]<\/p>\n","protected":false},"author":1,"featured_media":0,"parent":0,"menu_order":0,"comment_status":"closed","ping_status":"closed","template":"","meta":{"footnotes":""},"class_list":["post-1398","page","type-page","status-publish","hentry"],"yoast_head":"<!-- This site is optimized with the Yoast SEO plugin v26.8 - https:\/\/yoast.com\/product\/yoast-seo-wordpress\/ -->\n<title>Ana Sayfa - Visagreca<\/title>\n<meta name=\"description\" content=\"Yunanistan\u2019da Golden Visa i\u00e7in \u00f6zel m\u00fclkler ve uzman hukuk b\u00fcrosu ile m\u00fchendislik ofisi taraf\u0131ndan tam yasal g\u00fcvence\" \/>\n<meta name=\"robots\" content=\"index, follow, max-snippet:-1, max-image-preview:large, max-video-preview:-1\" \/>\n<link rel=\"canonical\" href=\"https:\/\/visagreca.com\/tr\/\" \/>\n<meta property=\"og:locale\" content=\"tr_TR\" \/>\n<meta property=\"og:type\" content=\"article\" \/>\n<meta property=\"og:title\" content=\"Ana Sayfa - Visagreca\" \/>\n<meta property=\"og:description\" content=\"Yunanistan\u2019da Golden Visa i\u00e7in \u00f6zel m\u00fclkler ve uzman hukuk b\u00fcrosu ile m\u00fchendislik ofisi taraf\u0131ndan tam yasal g\u00fcvence\" \/>\n<meta property=\"og:url\" content=\"https:\/\/visagreca.com\/tr\/\" \/>\n<meta property=\"article:modified_time\" content=\"2025-11-27T17:22:43+00:00\" \/>\n<meta name=\"twitter:card\" content=\"summary_large_image\" \/>\n<meta name=\"twitter:label1\" content=\"Tahmini okuma s\u00fcresi\" \/>\n\t<meta name=\"twitter:data1\" content=\"4 dakika\" \/>\n<script type=\"application\/ld+json\" class=\"yoast-schema-graph\">{\"@context\":\"https:\/\/schema.org\",\"@graph\":[{\"@type\":\"WebPage\",\"@id\":\"https:\/\/visagreca.com\/tr\/\",\"url\":\"https:\/\/visagreca.com\/tr\/\",\"name\":\"Ana Sayfa - Visagreca\",\"isPartOf\":{\"@id\":\"https:\/\/visagreca.com\/tr\/#website\"},\"datePublished\":\"2025-11-13T16:41:19+00:00\",\"dateModified\":\"2025-11-27T17:22:43+00:00\",\"description\":\"Yunanistan\u2019da Golden Visa i\u00e7in \u00f6zel m\u00fclkler ve uzman hukuk b\u00fcrosu ile m\u00fchendislik ofisi taraf\u0131ndan tam yasal g\u00fcvence\",\"breadcrumb\":{\"@id\":\"https:\/\/visagreca.com\/tr\/#breadcrumb\"},\"inLanguage\":\"tr\",\"potentialAction\":[{\"@type\":\"ReadAction\",\"target\":[\"https:\/\/visagreca.com\/tr\/\"]}]},{\"@type\":\"BreadcrumbList\",\"@id\":\"https:\/\/visagreca.com\/tr\/#breadcrumb\",\"itemListElement\":[{\"@type\":\"ListItem\",\"position\":1,\"name\":\"Home\",\"item\":\"https:\/\/visagreca.com\/tr\/\"},{\"@type\":\"ListItem\",\"position\":2,\"name\":\"Ana Sayfa\"}]},{\"@type\":\"WebSite\",\"@id\":\"https:\/\/visagreca.com\/tr\/#website\",\"url\":\"https:\/\/visagreca.com\/tr\/\",\"name\":\"\",\"description\":\"\",\"potentialAction\":[{\"@type\":\"SearchAction\",\"target\":{\"@type\":\"EntryPoint\",\"urlTemplate\":\"https:\/\/visagreca.com\/tr\/?s={search_term_string}\"},\"query-input\":{\"@type\":\"PropertyValueSpecification\",\"valueRequired\":true,\"valueName\":\"search_term_string\"}}],\"inLanguage\":\"tr\"}]}<\/script>\n<!-- \/ Yoast SEO plugin. -->","yoast_head_json":{"title":"Ana Sayfa - Visagreca","description":"Yunanistan\u2019da Golden Visa i\u00e7in \u00f6zel m\u00fclkler ve uzman hukuk b\u00fcrosu ile m\u00fchendislik ofisi taraf\u0131ndan tam yasal g\u00fcvence","robots":{"index":"index","follow":"follow","max-snippet":"max-snippet:-1","max-image-preview":"max-image-preview:large","max-video-preview":"max-video-preview:-1"},"canonical":"https:\/\/visagreca.com\/tr\/","og_locale":"tr_TR","og_type":"article","og_title":"Ana Sayfa - Visagreca","og_description":"Yunanistan\u2019da Golden Visa i\u00e7in \u00f6zel m\u00fclkler ve uzman hukuk b\u00fcrosu ile m\u00fchendislik ofisi taraf\u0131ndan tam yasal g\u00fcvence","og_url":"https:\/\/visagreca.com\/tr\/","article_modified_time":"2025-11-27T17:22:43+00:00","twitter_card":"summary_large_image","twitter_misc":{"Tahmini okuma s\u00fcresi":"4 dakika"},"schema":{"@context":"https:\/\/schema.org","@graph":[{"@type":"WebPage","@id":"https:\/\/visagreca.com\/tr\/","url":"https:\/\/visagreca.com\/tr\/","name":"Ana Sayfa - Visagreca","isPartOf":{"@id":"https:\/\/visagreca.com\/tr\/#website"},"datePublished":"2025-11-13T16:41:19+00:00","dateModified":"2025-11-27T17:22:43+00:00","description":"Yunanistan\u2019da Golden Visa i\u00e7in \u00f6zel m\u00fclkler ve uzman hukuk b\u00fcrosu ile m\u00fchendislik ofisi taraf\u0131ndan tam yasal g\u00fcvence","breadcrumb":{"@id":"https:\/\/visagreca.com\/tr\/#breadcrumb"},"inLanguage":"tr","potentialAction":[{"@type":"ReadAction","target":["https:\/\/visagreca.com\/tr\/"]}]},{"@type":"BreadcrumbList","@id":"https:\/\/visagreca.com\/tr\/#breadcrumb","itemListElement":[{"@type":"ListItem","position":1,"name":"Home","item":"https:\/\/visagreca.com\/tr\/"},{"@type":"ListItem","position":2,"name":"Ana Sayfa"}]},{"@type":"WebSite","@id":"https:\/\/visagreca.com\/tr\/#website","url":"https:\/\/visagreca.com\/tr\/","name":"","description":"","potentialAction":[{"@type":"SearchAction","target":{"@type":"EntryPoint","urlTemplate":"https:\/\/visagreca.com\/tr\/?s={search_term_string}"},"query-input":{"@type":"PropertyValueSpecification","valueRequired":true,"valueName":"search_term_string"}}],"inLanguage":"tr"}]}},"_links":{"self":[{"href":"https:\/\/visagreca.com\/tr\/wp-json\/wp\/v2\/pages\/1398","targetHints":{"allow":["GET"]}}],"collection":[{"href":"https:\/\/visagreca.com\/tr\/wp-json\/wp\/v2\/pages"}],"about":[{"href":"https:\/\/visagreca.com\/tr\/wp-json\/wp\/v2\/types\/page"}],"author":[{"embeddable":true,"href":"https:\/\/visagreca.com\/tr\/wp-json\/wp\/v2\/users\/1"}],"replies":[{"embeddable":true,"href":"https:\/\/visagreca.com\/tr\/wp-json\/wp\/v2\/comments?post=1398"}],"version-history":[{"count":18,"href":"https:\/\/visagreca.com\/tr\/wp-json\/wp\/v2\/pages\/1398\/revisions"}],"predecessor-version":[{"id":1705,"href":"https:\/\/visagreca.com\/tr\/wp-json\/wp\/v2\/pages\/1398\/revisions\/1705"}],"wp:attachment":[{"href":"https:\/\/visagreca.com\/tr\/wp-json\/wp\/v2\/media?parent=1398"}],"curies":[{"name":"wp","href":"https:\/\/api.w.org\/{rel}","templated":true}]}}