{"id":1415,"date":"2025-11-14T13:15:13","date_gmt":"2025-11-14T13:15:13","guid":{"rendered":"https:\/\/visagreca.com\/kodikos-akinitou-158\/"},"modified":"2025-11-27T16:14:39","modified_gmt":"2025-11-27T16:14:39","slug":"kod-aprt-158","status":"publish","type":"page","link":"https:\/\/visagreca.com\/tr\/kod-aprt-158\/","title":{"rendered":"kod-158"},"content":{"rendered":"<div class=\"wpb-content-wrapper\"><p>[vc_row row_height_percent=&#8221;0&#8243; override_padding=&#8221;yes&#8221; h_padding=&#8221;2&#8243; top_padding=&#8221;5&#8243; bottom_padding=&#8221;5&#8243; back_color=&#8221;color-lxmt&#8221; overlay_alpha=&#8221;0&#8243; gutter_size=&#8221;100&#8243; column_width_percent=&#8221;100&#8243; shift_y=&#8221;0&#8243; z_index=&#8221;0&#8243; top_divider=&#8221;gradient&#8221; content_parallax=&#8221;0&#8243; style=&#8221;inherited&#8221; row_name=&#8221;Gallery&#8221; uncode_shortcode_id=&#8221;148040&#8243; back_color_type=&#8221;uncode-palette&#8221;][vc_column column_width_percent=&#8221;100&#8243; align_horizontal=&#8221;align_center&#8221; gutter_size=&#8221;4&#8243; style=&#8221;dark&#8221; overlay_alpha=&#8221;100&#8243; shift_x=&#8221;0&#8243; shift_y=&#8221;0&#8243; medium_width=&#8221;0&#8243; zoom_width=&#8221;0&#8243; zoom_height=&#8221;0&#8243; width=&#8221;1\/1&#8243; mobile_width_full=&#8221;&#8221;][vc_row_inner row_inner_height_percent=&#8221;0&#8243; overlay_alpha=&#8221;50&#8243; gutter_size=&#8221;3&#8243; shift_y=&#8221;0&#8243;][vc_column_inner column_width_use_pixel=&#8221;yes&#8221; align_horizontal=&#8221;align_center&#8221; gutter_size=&#8221;2&#8243; style=&#8221;dark&#8221; overlay_alpha=&#8221;100&#8243; shift_x=&#8221;0&#8243; shift_y=&#8221;0&#8243; medium_width=&#8221;0&#8243; zoom_width=&#8221;0&#8243; zoom_height=&#8221;0&#8243; width=&#8221;1\/1&#8243; column_width_pixel=&#8221;600&#8243; mobile_width_full=&#8221;&#8221;][vc_custom_heading text_color=&#8221;color-wvjs&#8221; heading_semantic=&#8221;h3&#8243; text_size=&#8221;h1&#8243; sub_lead=&#8221;yes&#8221; sub_reduced=&#8221;yes&#8221; css_animation=&#8221;bottom-t-top&#8221; animation_delay=&#8221;100&#8243; text_align=&#8221;text-center&#8221; text_uppercase=&#8221;&#8221; text_serif=&#8221;&#8221; uncode_shortcode_id=&#8221;304911&#8243; text_color_type=&#8221;uncode-palette&#8221;]Aigaleo\u2019da Modern Daire No.3 (40 m\u00b2) \u2013 Yat\u0131r\u0131ma Haz\u0131r[\/vc_custom_heading][vc_custom_heading text_color=&#8221;color-xsdn&#8221; heading_semantic=&#8221;h6&#8243; text_size=&#8221;h6&#8243; text_transform=&#8221;uppercase&#8221; badge_style=&#8221;yes&#8221; back_color=&#8221;accent&#8221; radius=&#8221;xs&#8221; uncode_shortcode_id=&#8221;111798&#8243; text_color_type=&#8221;uncode-palette&#8221; back_color_type=&#8221;uncode-palette&#8221;]kod: 158[\/vc_custom_heading][\/vc_column_inner][\/vc_row_inner][vc_gallery el_id=&#8221;gallery-73689423&#8243; type=&#8221;carousel&#8221; medias=&#8221;442,444,447,450,446,441,443&#8243; carousel_lg=&#8221;1&#8243; carousel_md=&#8221;2&#8243; carousel_sm=&#8221;1&#8243; thumb_size=&#8221;nine-sixteen&#8221; gutter_size=&#8221;4&#8243; media_items=&#8221;media|lightbox|original,icon|md&#8221; carousel_interval=&#8221;0&#8243; carousel_navspeed=&#8221;400&#8243; carousel_loop=&#8221;yes&#8221; carousel_overflow=&#8221;yes&#8221; carousel_dots=&#8221;yes&#8221; carousel_dots_space=&#8221;yes&#8221; carousel_dots_mobile=&#8221;yes&#8221; stage_padding=&#8221;70&#8243; single_shape=&#8221;round&#8221; radius=&#8221;xs&#8221; single_overlay_color=&#8221;color-wayh&#8221; single_overlay_opacity=&#8221;50&#8243; single_image_anim=&#8221;no&#8221; single_h_align=&#8221;center&#8221; single_padding=&#8221;2&#8243; single_icon=&#8221;fa fa-plus2&#8243; single_shadow=&#8221;yes&#8221; shadow_weight=&#8221;xl&#8221; shadow_darker=&#8221;yes&#8221; single_border=&#8221;yes&#8221; single_css_animation=&#8221;zoom-in&#8221; single_animation_delay=&#8221;200&#8243; lbox_no_tmb=&#8221;yes&#8221; carousel_rtl=&#8221;&#8221; single_title_uppercase=&#8221;&#8221; single_half_padding=&#8221;&#8221; single_title_serif=&#8221;&#8221; single_no_background=&#8221;&#8221; uncode_shortcode_id=&#8221;673053&#8243;][\/vc_column][\/vc_row]<\/p>\n<\/div>","protected":false},"excerpt":{"rendered":"<p>[vc_row row_height_percent=&#8221;0&#8243; override_padding=&#8221;yes&#8221; h_padding=&#8221;2&#8243; top_padding=&#8221;5&#8243; bottom_padding=&#8221;5&#8243; back_color=&#8221;color-lxmt&#8221; overlay_alpha=&#8221;0&#8243; gutter_size=&#8221;100&#8243; column_width_percent=&#8221;100&#8243; shift_y=&#8221;0&#8243; z_index=&#8221;0&#8243; top_divider=&#8221;gradient&#8221; content_parallax=&#8221;0&#8243; style=&#8221;inherited&#8221; row_name=&#8221;Gallery&#8221; uncode_shortcode_id=&#8221;148040&#8243; back_color_type=&#8221;uncode-palette&#8221;][vc_column column_width_percent=&#8221;100&#8243; align_horizontal=&#8221;align_center&#8221; [&hellip;]<\/p>\n","protected":false},"author":1,"featured_media":0,"parent":0,"menu_order":0,"comment_status":"closed","ping_status":"closed","template":"","meta":{"footnotes":""},"class_list":["post-1415","page","type-page","status-publish","hentry"],"yoast_head":"<!-- This site is optimized with the Yoast SEO plugin v26.8 - https:\/\/yoast.com\/product\/yoast-seo-wordpress\/ -->\n<title>kod-158 - Visagreca<\/title>\n<meta name=\"description\" content=\"Aigaleo\u2019da Modern Daire No.3 (40 m\u00b2) \u2013 Yat\u0131r\u0131ma Haz\u0131r\" \/>\n<meta name=\"robots\" content=\"index, follow, max-snippet:-1, max-image-preview:large, max-video-preview:-1\" \/>\n<link rel=\"canonical\" href=\"https:\/\/visagreca.com\/tr\/kod-aprt-158\/\" \/>\n<meta property=\"og:locale\" content=\"tr_TR\" \/>\n<meta property=\"og:type\" content=\"article\" \/>\n<meta property=\"og:title\" content=\"kod-158 - Visagreca\" \/>\n<meta property=\"og:description\" content=\"Aigaleo\u2019da Modern Daire No.3 (40 m\u00b2) \u2013 Yat\u0131r\u0131ma Haz\u0131r\" \/>\n<meta property=\"og:url\" content=\"https:\/\/visagreca.com\/tr\/kod-aprt-158\/\" \/>\n<meta property=\"article:modified_time\" content=\"2025-11-27T16:14:39+00:00\" \/>\n<meta name=\"twitter:card\" content=\"summary_large_image\" \/>\n<meta name=\"twitter:label1\" content=\"Tahmini okuma s\u00fcresi\" \/>\n\t<meta name=\"twitter:data1\" content=\"1 dakika\" \/>\n<script type=\"application\/ld+json\" class=\"yoast-schema-graph\">{\"@context\":\"https:\/\/schema.org\",\"@graph\":[{\"@type\":\"WebPage\",\"@id\":\"https:\/\/visagreca.com\/tr\/kod-aprt-158\/\",\"url\":\"https:\/\/visagreca.com\/tr\/kod-aprt-158\/\",\"name\":\"kod-158 - Visagreca\",\"isPartOf\":{\"@id\":\"https:\/\/visagreca.com\/tr\/#website\"},\"datePublished\":\"2025-11-14T13:15:13+00:00\",\"dateModified\":\"2025-11-27T16:14:39+00:00\",\"description\":\"Aigaleo\u2019da Modern Daire No.3 (40 m\u00b2) \u2013 Yat\u0131r\u0131ma Haz\u0131r\",\"breadcrumb\":{\"@id\":\"https:\/\/visagreca.com\/tr\/kod-aprt-158\/#breadcrumb\"},\"inLanguage\":\"tr\",\"potentialAction\":[{\"@type\":\"ReadAction\",\"target\":[\"https:\/\/visagreca.com\/tr\/kod-aprt-158\/\"]}]},{\"@type\":\"BreadcrumbList\",\"@id\":\"https:\/\/visagreca.com\/tr\/kod-aprt-158\/#breadcrumb\",\"itemListElement\":[{\"@type\":\"ListItem\",\"position\":1,\"name\":\"Home\",\"item\":\"https:\/\/visagreca.com\/tr\/\"},{\"@type\":\"ListItem\",\"position\":2,\"name\":\"kod-158\"}]},{\"@type\":\"WebSite\",\"@id\":\"https:\/\/visagreca.com\/tr\/#website\",\"url\":\"https:\/\/visagreca.com\/tr\/\",\"name\":\"\",\"description\":\"\",\"potentialAction\":[{\"@type\":\"SearchAction\",\"target\":{\"@type\":\"EntryPoint\",\"urlTemplate\":\"https:\/\/visagreca.com\/tr\/?s={search_term_string}\"},\"query-input\":{\"@type\":\"PropertyValueSpecification\",\"valueRequired\":true,\"valueName\":\"search_term_string\"}}],\"inLanguage\":\"tr\"}]}<\/script>\n<!-- \/ Yoast SEO plugin. -->","yoast_head_json":{"title":"kod-158 - Visagreca","description":"Aigaleo\u2019da Modern Daire No.3 (40 m\u00b2) \u2013 Yat\u0131r\u0131ma Haz\u0131r","robots":{"index":"index","follow":"follow","max-snippet":"max-snippet:-1","max-image-preview":"max-image-preview:large","max-video-preview":"max-video-preview:-1"},"canonical":"https:\/\/visagreca.com\/tr\/kod-aprt-158\/","og_locale":"tr_TR","og_type":"article","og_title":"kod-158 - Visagreca","og_description":"Aigaleo\u2019da Modern Daire No.3 (40 m\u00b2) \u2013 Yat\u0131r\u0131ma Haz\u0131r","og_url":"https:\/\/visagreca.com\/tr\/kod-aprt-158\/","article_modified_time":"2025-11-27T16:14:39+00:00","twitter_card":"summary_large_image","twitter_misc":{"Tahmini okuma s\u00fcresi":"1 dakika"},"schema":{"@context":"https:\/\/schema.org","@graph":[{"@type":"WebPage","@id":"https:\/\/visagreca.com\/tr\/kod-aprt-158\/","url":"https:\/\/visagreca.com\/tr\/kod-aprt-158\/","name":"kod-158 - Visagreca","isPartOf":{"@id":"https:\/\/visagreca.com\/tr\/#website"},"datePublished":"2025-11-14T13:15:13+00:00","dateModified":"2025-11-27T16:14:39+00:00","description":"Aigaleo\u2019da Modern Daire No.3 (40 m\u00b2) \u2013 Yat\u0131r\u0131ma Haz\u0131r","breadcrumb":{"@id":"https:\/\/visagreca.com\/tr\/kod-aprt-158\/#breadcrumb"},"inLanguage":"tr","potentialAction":[{"@type":"ReadAction","target":["https:\/\/visagreca.com\/tr\/kod-aprt-158\/"]}]},{"@type":"BreadcrumbList","@id":"https:\/\/visagreca.com\/tr\/kod-aprt-158\/#breadcrumb","itemListElement":[{"@type":"ListItem","position":1,"name":"Home","item":"https:\/\/visagreca.com\/tr\/"},{"@type":"ListItem","position":2,"name":"kod-158"}]},{"@type":"WebSite","@id":"https:\/\/visagreca.com\/tr\/#website","url":"https:\/\/visagreca.com\/tr\/","name":"","description":"","potentialAction":[{"@type":"SearchAction","target":{"@type":"EntryPoint","urlTemplate":"https:\/\/visagreca.com\/tr\/?s={search_term_string}"},"query-input":{"@type":"PropertyValueSpecification","valueRequired":true,"valueName":"search_term_string"}}],"inLanguage":"tr"}]}},"_links":{"self":[{"href":"https:\/\/visagreca.com\/tr\/wp-json\/wp\/v2\/pages\/1415","targetHints":{"allow":["GET"]}}],"collection":[{"href":"https:\/\/visagreca.com\/tr\/wp-json\/wp\/v2\/pages"}],"about":[{"href":"https:\/\/visagreca.com\/tr\/wp-json\/wp\/v2\/types\/page"}],"author":[{"embeddable":true,"href":"https:\/\/visagreca.com\/tr\/wp-json\/wp\/v2\/users\/1"}],"replies":[{"embeddable":true,"href":"https:\/\/visagreca.com\/tr\/wp-json\/wp\/v2\/comments?post=1415"}],"version-history":[{"count":1,"href":"https:\/\/visagreca.com\/tr\/wp-json\/wp\/v2\/pages\/1415\/revisions"}],"predecessor-version":[{"id":1575,"href":"https:\/\/visagreca.com\/tr\/wp-json\/wp\/v2\/pages\/1415\/revisions\/1575"}],"wp:attachment":[{"href":"https:\/\/visagreca.com\/tr\/wp-json\/wp\/v2\/media?parent=1415"}],"curies":[{"name":"wp","href":"https:\/\/api.w.org\/{rel}","templated":true}]}}